{"id":73,"date":"2018-06-12T15:20:49","date_gmt":"2018-06-12T15:20:49","guid":{"rendered":"http:\/\/wp12946639.server-he.de\/scadotest\/?page_id=73"},"modified":"2018-06-28T14:22:39","modified_gmt":"2018-06-28T14:22:39","slug":"impressum","status":"publish","type":"page","link":"https:\/\/gut-scado.de\/?page_id=73","title":{"rendered":"Impressum"},"content":{"rendered":"<h1>Impressum<\/h1>\n<p>Pr\u00fcssing &amp; K\u00f6ll Verm\u00f6gensverwaltung GmbH<br \/>\nL\u00e4rchenstra\u00dfe 7<br \/>\n01097 Dresden<br \/>\nTelefon: +49 (0)351 \/ 899 33 33<br \/>\nTelefax: +49 (0)351 \/ 899 33 21<br \/>\nE-Mail: dresden@impro.de<\/p>\n<p>AG Dresden HRB 23577<br \/>\nSitz: Dresden<br \/>\nStNr. 202\/116\/09037<br \/>\nUSt-IdNr. DE242041057<br \/>\nGesch\u00e4ftsf\u00fchrer:<br \/>\nHans-Christian Heier<\/p>\n<p>Im Rahmen der Verordnung \u00fcber Online-Streitbeilegung zu Verbraucherangelegenheiten steht Ihnen unter http:\/\/ec.europa.eu\/consumers\/odr\/ eine Online-Streitbeilegungsplattform der EU-Kommission zur Verf\u00fcgung. Alternativ k\u00f6nnen Sie gern Kontakt per Mail zu uns aufnehmen: verkauf@impro.de<\/p>\n<p>&nbsp;<\/p>\n<p>Der Autor \u00fcbernimmt keinerlei Gew\u00e4hr f\u00fcr die Aktualit\u00e4t, Korrektheit, Vollst\u00e4ndigkeit oder Qualit\u00e4t der bereitgestellten Informationen. Haftungsanspr\u00fcche gegen den Autor, welche sich auf Sch\u00e4den materieller oder ideeller Art beziehen, die durch die Nutzung oder Nichtnutzung der dargebotenen Informationen bzw. durch die Nutzung fehlerhafter und unvollst\u00e4ndiger Informationen verursacht wurden, sind grunds\u00e4tzlich ausgeschlossen, sofern seitens des Autors kein nachweislich vors\u00e4tzliches oder grob fahrl\u00e4ssiges Verschulden vorliegt. Alle Angebote sind freibleibend und unverbindlich. Der Autor beh\u00e4lt es sich ausdr\u00fccklich vor, Teile der Seiten oder das gesamte Angebot ohne gesonderte Ank\u00fcndigung zu ver\u00e4ndern, zu erg\u00e4nzen, zu l\u00f6schen oder die Ver\u00f6ffentlichung zeitweise oder endg\u00fcltig einzustellen.<\/p>\n<p>Gem\u00e4\u00df \u00a7 4 und \u00a7 87a ff UrhG sind die auf diesen Webseiten, in den Objektinformationen, Publikationen und Datenbanken der Pr\u00fcssing &amp; K\u00f6ll Verm\u00f6gensverwaltung GmbH\u00a0enthaltenen Daten urheberrechtlich gesch\u00fctzt. Die Verarbeitung und Verwendung der Daten ist nur w\u00e4hrend der Benutzung der auf der Webseite zur Verf\u00fcgung gestellten Inhalte erlaubt. Dar\u00fcber hinaus gehende Verwendung, Vervielf\u00e4ltigung und Verbreitung ist nur auf ausdr\u00fcckliche, schriftliche Genehmigung der Pr\u00fcssing &amp; K\u00f6ll Verm\u00f6gensverwaltung GmbH gestattet. Zuwiderhandlungen k\u00f6nnen zivil- und strafrechtlich relevant sein und verfolgt werden.<\/p>\n<p>Der Zugriff auf eine Website anderer Unternehmen \u00fcber eine Verkn\u00fcpfung auf dieser Website erfolgt auf alleinige Verantwortung des Benutzers. Pr\u00fcssing &amp; K\u00f6ll Verm\u00f6gensverwaltung GmbH hat nicht alle diese Websites anderer Unternehmen \u00fcberpr\u00fcft und hat keinen Einfluss und \u00fcbernimmt keine Verantwortung f\u00fcr diese Websites und deren Inhalt.<\/p>\n<p>Sollten trotz sorgf\u00e4ltiger Pr\u00fcfung von Seiten Pr\u00fcssing &amp; K\u00f6ll Verm\u00f6gensverwaltung GmbH auf das Nichtbestehen von Urheberrechten Dritter Rechte Dritter verletzt sein, kontaktieren Sie bitte unverz\u00fcglich die Verantwortlichen f\u00fcr die Seite.<\/p>\n","protected":false},"excerpt":{"rendered":"<p>Impressum Pr\u00fcssing &amp; K\u00f6ll Verm\u00f6gensverwaltung GmbH L\u00e4rchenstra\u00dfe 7 01097 Dresden Telefon: +49 (0)351 \/ 899 33 33 Telefax: +49 (0)351 \/ 899 33 21 E-Mail: dresden@impro.de AG Dresden HRB 23577&#8230; <\/p>\n","protected":false},"author":1,"featured_media":0,"parent":0,"menu_order":0,"comment_status":"closed","ping_status":"closed","template":"","meta":{"two_page_speed":[],"footnotes":""},"class_list":["post-73","page","type-page","status-publish","hentry"],"_links":{"self":[{"href":"https:\/\/gut-scado.de\/index.php?rest_route=\/wp\/v2\/pages\/73","targetHints":{"allow":["GET"]}}],"collection":[{"href":"https:\/\/gut-scado.de\/index.php?rest_route=\/wp\/v2\/pages"}],"about":[{"href":"https:\/\/gut-scado.de\/index.php?rest_route=\/wp\/v2\/types\/page"}],"author":[{"embeddable":true,"href":"https:\/\/gut-scado.de\/index.php?rest_route=\/wp\/v2\/users\/1"}],"replies":[{"embeddable":true,"href":"https:\/\/gut-scado.de\/index.php?rest_route=%2Fwp%2Fv2%2Fcomments&post=73"}],"version-history":[{"count":3,"href":"https:\/\/gut-scado.de\/index.php?rest_route=\/wp\/v2\/pages\/73\/revisions"}],"predecessor-version":[{"id":117,"href":"https:\/\/gut-scado.de\/index.php?rest_route=\/wp\/v2\/pages\/73\/revisions\/117"}],"wp:attachment":[{"href":"https:\/\/gut-scado.de\/index.php?rest_route=%2Fwp%2Fv2%2Fmedia&parent=73"}],"curies":[{"name":"wp","href":"https:\/\/api.w.org\/{rel}","templated":true}]}}