{"id":160,"date":"2018-07-06T08:57:02","date_gmt":"2018-07-06T08:57:02","guid":{"rendered":"http:\/\/wp12946639.server-he.de\/scadotest\/?page_id=160"},"modified":"2026-01-06T14:44:42","modified_gmt":"2026-01-06T14:44:42","slug":"haeuser","status":"publish","type":"page","link":"https:\/\/gut-scado.de\/?page_id=160","title":{"rendered":"H\u00e4user"},"content":{"rendered":"\n<div class=\"wp-block-columns is-layout-flex wp-container-core-columns-is-layout-9d6595d7 wp-block-columns-is-layout-flex\">\n<div class=\"wp-block-column is-layout-flow wp-block-column-is-layout-flow\" style=\"flex-basis:100%\">\n<div class=\"wp-block-group\"><div class=\"wp-block-group__inner-container is-layout-flow wp-block-group-is-layout-flow\">\n<h3><a href=\"https:\/\/gut-scado.de\/?page_id=43\">\u00c5hus<\/a><\/h3>\n<h3><a href=\"https:\/\/gut-scado.de\/?page_id=43\"><img loading=\"lazy\" decoding=\"async\" class=\"alignnone wp-image-78 size-large\" src=\"https:\/\/gut-scado.de\/wp-content\/uploads\/2018\/06\/ahus-aussen-1024x732.jpg\" alt=\"\" width=\"610\" height=\"436\" srcset=\"https:\/\/gut-scado.de\/wp-content\/uploads\/2018\/06\/ahus-aussen-1024x732.jpg 1024w, https:\/\/gut-scado.de\/wp-content\/uploads\/2018\/06\/ahus-aussen-300x215.jpg 300w, https:\/\/gut-scado.de\/wp-content\/uploads\/2018\/06\/ahus-aussen-768x549.jpg 768w, https:\/\/gut-scado.de\/wp-content\/uploads\/2018\/06\/ahus-aussen.jpg 1405w\" sizes=\"auto, (max-width: 610px) 100vw, 610px\" \/><\/a><\/h3>\n<h3><a href=\"https:\/\/gut-scado.de\/?page_id=165\">B\u00f8rghus<\/a><\/h3>\n<h3><a href=\"https:\/\/gut-scado.de\/?page_id=165\"><img loading=\"lazy\" decoding=\"async\" class=\"alignnone wp-image-250 \" src=\"https:\/\/gut-scado.de\/wp-content\/uploads\/2019\/09\/bork_IMG_1461.jpg\" alt=\"\" width=\"613\" height=\"460\" srcset=\"https:\/\/gut-scado.de\/wp-content\/uploads\/2019\/09\/bork_IMG_1461.jpg 1000w, https:\/\/gut-scado.de\/wp-content\/uploads\/2019\/09\/bork_IMG_1461-300x225.jpg 300w, https:\/\/gut-scado.de\/wp-content\/uploads\/2019\/09\/bork_IMG_1461-768x576.jpg 768w\" sizes=\"auto, (max-width: 613px) 100vw, 613px\" \/><\/a><\/h3>\n<h3><a href=\"https:\/\/gut-scado.de\/?page_id=400\">Cl\u00e5shus<\/a><\/h3>\n<h3><a href=\"https:\/\/gut-scado.de\/?page_id=400\"><img loading=\"lazy\" decoding=\"async\" class=\"alignnone wp-image-416 size-large\" src=\"https:\/\/gut-scado.de\/wp-content\/uploads\/2022\/11\/PEPH9922-1024x768.jpg\" alt=\"\" width=\"610\" height=\"458\" srcset=\"https:\/\/gut-scado.de\/wp-content\/uploads\/2022\/11\/PEPH9922-1024x768.jpg 1024w, https:\/\/gut-scado.de\/wp-content\/uploads\/2022\/11\/PEPH9922-300x225.jpg 300w, https:\/\/gut-scado.de\/wp-content\/uploads\/2022\/11\/PEPH9922-768x576.jpg 768w, https:\/\/gut-scado.de\/wp-content\/uploads\/2022\/11\/PEPH9922-1536x1152.jpg 1536w, https:\/\/gut-scado.de\/wp-content\/uploads\/2022\/11\/PEPH9922.jpg 1600w\" sizes=\"auto, (max-width: 610px) 100vw, 610px\" \/><\/a><\/h3>\n<h3><a href=\"https:\/\/gut-scado.de\/?page_id=323\">D\u00e6nhus<\/a><\/h3>\n<h3><a href=\"https:\/\/gut-scado.de\/?page_id=323\"><img loading=\"lazy\" decoding=\"async\" class=\"alignnone wp-image-437 size-large\" src=\"https:\/\/gut-scado.de\/wp-content\/uploads\/2022\/11\/IMG_3585-1024x768.jpeg\" alt=\"\" width=\"610\" height=\"458\" srcset=\"https:\/\/gut-scado.de\/wp-content\/uploads\/2022\/11\/IMG_3585-1024x768.jpeg 1024w, https:\/\/gut-scado.de\/wp-content\/uploads\/2022\/11\/IMG_3585-300x225.jpeg 300w, https:\/\/gut-scado.de\/wp-content\/uploads\/2022\/11\/IMG_3585-768x576.jpeg 768w, https:\/\/gut-scado.de\/wp-content\/uploads\/2022\/11\/IMG_3585-1536x1152.jpeg 1536w, https:\/\/gut-scado.de\/wp-content\/uploads\/2022\/11\/IMG_3585-2048x1536.jpeg 2048w\" sizes=\"auto, (max-width: 610px) 100vw, 610px\" \/><\/a><\/h3>\n<h3>\u00c6k<a href=\"https:\/\/gut-scado.de\/?page_id=301\">hus<\/a><\/h3>\n<h3><a href=\"https:\/\/gut-scado.de\/wp-content\/uploads\/2024\/12\/Eakhus_ab2028-scaled.jpg\"><img loading=\"lazy\" decoding=\"async\" class=\"alignnone wp-image-493 \" src=\"https:\/\/gut-scado.de\/wp-content\/uploads\/2024\/12\/Eakhus_ab2028-scaled.jpg\" alt=\"\" width=\"612\" height=\"409\" srcset=\"https:\/\/gut-scado.de\/wp-content\/uploads\/2024\/12\/Eakhus_ab2028-scaled.jpg 2560w, https:\/\/gut-scado.de\/wp-content\/uploads\/2024\/12\/Eakhus_ab2028-300x200.jpg 300w, https:\/\/gut-scado.de\/wp-content\/uploads\/2024\/12\/Eakhus_ab2028-1024x683.jpg 1024w, https:\/\/gut-scado.de\/wp-content\/uploads\/2024\/12\/Eakhus_ab2028-768x512.jpg 768w, https:\/\/gut-scado.de\/wp-content\/uploads\/2024\/12\/Eakhus_ab2028-1536x1025.jpg 1536w, https:\/\/gut-scado.de\/wp-content\/uploads\/2024\/12\/Eakhus_ab2028-2048x1367.jpg 2048w, https:\/\/gut-scado.de\/wp-content\/uploads\/2024\/12\/Eakhus_ab2028-210x140.jpg 210w\" sizes=\"auto, (max-width: 612px) 100vw, 612px\" \/><\/a><\/h3>\n<\/div><\/div>\n<\/div>\n<\/div>\n","protected":false},"excerpt":{"rendered":"<p>\u00c5hus B\u00f8rghus Cl\u00e5shus D\u00e6nhus \u00c6khus<\/p>\n","protected":false},"author":1,"featured_media":0,"parent":0,"menu_order":0,"comment_status":"closed","ping_status":"closed","template":"","meta":{"two_page_speed":[],"footnotes":""},"class_list":["post-160","page","type-page","status-publish","hentry"],"_links":{"self":[{"href":"https:\/\/gut-scado.de\/index.php?rest_route=\/wp\/v2\/pages\/160","targetHints":{"allow":["GET"]}}],"collection":[{"href":"https:\/\/gut-scado.de\/index.php?rest_route=\/wp\/v2\/pages"}],"about":[{"href":"https:\/\/gut-scado.de\/index.php?rest_route=\/wp\/v2\/types\/page"}],"author":[{"embeddable":true,"href":"https:\/\/gut-scado.de\/index.php?rest_route=\/wp\/v2\/users\/1"}],"replies":[{"embeddable":true,"href":"https:\/\/gut-scado.de\/index.php?rest_route=%2Fwp%2Fv2%2Fcomments&post=160"}],"version-history":[{"count":30,"href":"https:\/\/gut-scado.de\/index.php?rest_route=\/wp\/v2\/pages\/160\/revisions"}],"predecessor-version":[{"id":505,"href":"https:\/\/gut-scado.de\/index.php?rest_route=\/wp\/v2\/pages\/160\/revisions\/505"}],"wp:attachment":[{"href":"https:\/\/gut-scado.de\/index.php?rest_route=%2Fwp%2Fv2%2Fmedia&parent=160"}],"curies":[{"name":"wp","href":"https:\/\/api.w.org\/{rel}","templated":true}]}}