{"id":138,"date":"2018-07-04T14:10:57","date_gmt":"2018-07-04T14:10:57","guid":{"rendered":"http:\/\/wp12946639.server-he.de\/scadotest\/?page_id=138"},"modified":"2018-07-04T14:10:57","modified_gmt":"2018-07-04T14:10:57","slug":"datenschutz","status":"publish","type":"page","link":"https:\/\/gut-scado.de\/?page_id=138","title":{"rendered":"Datenschutz"},"content":{"rendered":"<h1>Datenschutzerkl\u00e4rung + Verpflichtung zur Wahrung des Datengeheimnisses<\/h1>\n<p><b>Anbieter und verantwortliche Stelle im Sinne des Datenschutzes:<\/b> Pr\u00fc\u00dfing &amp; K\u00f6ll Verm\u00f6gensverwaltung GmbH, GF Herr Hans -Christian Heier, L\u00e4rchenstra\u00dfe 7, 01097 Dresden<\/p>\n<h3>Geltungsbereich:<\/h3>\n<p>Der Schutz Ihrer pers\u00f6nlichen Daten liegt uns sehr am Herzen. An dieser Stelle m\u00f6chten wir Sie daher \u00fcber den Datenschutz in unserem Unternehmen, die Art, den Umfang und Zweck der Erhebung und Verwendung ihrer Daten informieren. Selbstverst\u00e4ndlich beachten wir die gesetzlichen Bestimmungen der Datenschutzgrundverordnung (DS-GVO), des Datenschutzgesetzes (BDSG-neu) des Telemediengesetzes (TMG) und anderer datenschutzrechtlicher Bestimmungen.<\/p>\n<h3>Gegenstand des Datenschutzes<\/h3>\n<p>Gegenstand des Datenschutzes sind personenbezogene Daten. Diese sind Einzelangaben \u00fcber pers\u00f6nlich oder sachliche Verh\u00e4ltnisse einer bestimmten oder bestimmbaren nat\u00fcrlichen Person. Hierunter fallen z. B. Angaben wie Name, Post-Adresse, E-Mail-Adresse oder Telefonnummer, ggf. aber auch Nutzungsdaten wie Ihre IP-Adresse.<\/p>\n<h3>Kontaktaufnahme\/ Daten\u00fcbermittlung per Mail, \u00fcber Formulare, per Telefon, Post u.a.:<\/h3>\n<p>Alle pers\u00f6nlichen Daten welche Sie uns gegen\u00fcber im Zusammenhang mit der Erbringung unserer Dienstleistung offenlegen (z.B. mit der Unterzeichnung einer Provisionsvereinbarung, den gesetzlich vorgeschriebenen Informationen gem\u00e4\u00df Geldw\u00e4schegesetz), speichern und verarbeiten wir, da dies teilweise gesetzlich vorgeschrieben und zudem zur Erbringung unserer Dienstleistung unerl\u00e4sslich ist.<\/p>\n<p>Wenn Sie uns \u00fcber das Onlinerformular unserer Webseite oder Online-Formulare von Drittanbietern wie Immoscout24, Immowelt, Immonet und andere Pr\u00e4sentationsportale unserer Immobilienanzeigen oder per E-Mail, Post, Telefon oder sonstige Wege hinsichtlich unserer Immobi lienangebote kontaktieren, speichern wir die von Ihnen gemachten Angaben, insbesondere Name, Vorname, Adresse, Telefonnummer, Mailadresse, Adresse. Wir ben\u00f6tigen diese Speicherung um Ihre Anfrage beantworten zu k\u00f6nnen, eine m\u00f6gliche Anschlusskommunikation aufrechtzuerhalten und auch um ggf. sp\u00e4ter einen Nachweis unserer Leistung erbringen zu k\u00f6nnen.<\/p>\n<h3>Datensparsamkeit, interne Nutzung und Weitergabe an Dritte, Speicherdauer:<\/h3>\n<p>Wir beachten den Grundsatz der zweckgebundenen Datenverwendung und erheben, verarbeiten und speichern Ihre personenbezogenen Daten nur f\u00fcr die Erbringung unserer Dienstleistung oder zur Erf\u00fcllung gesetzlicher Anforderungen (z.B. GWG). Personenbezogene Daten speichern wir den Grunds\u00e4tzen der Datenvermeidung und Datensprasamkeit nur so lange, wie es f\u00fcr die Erbringung unserer Dienstleistung erforderlich oder von Gesetzgeber vorgeschrieben ist (gesetzliche Sperrfrist).<\/p>\n<p>Eine Weitergabe Ihrer pers\u00f6nlichen Daten an Dritte erfolgt ohne Ihre ausdr\u00fcckliche Einwilligung nicht, sofern dies nicht zur Erbringung der Dienstleistung oder zur Vertragsdurchf\u00fchrung notwendig ist. Auch die \u00dcbermittlung an auskunftsberechtigte staatliche Institution und Beh\u00f6rden erfolgt nur im Rahmen der gesetzlichen Auskunftspflichten oder wenn wir durch eine gerichtliche Entscheidung zur Auskunft verpflichtet werden.<\/p>\n<p>Den unternehmensinternen Datenschutz nehmen wir sehr ernst. Unsere Mitarbeiter und die von uns beauftragten Dienstleistungsunternehmen sind von uns zur Verschwiegenheit und zur Einhaltung der datenschutzrechtl ichen Bestimmungen verpflichtet worden.<\/p>\n<h3>Newsletter und Infomails gem\u00e4\u00df Ihrer Suchkriterien:<\/h3>\n<p>Falls wir Sie in den automatisierten Versand dieser Leistungen aufnehmen, werden wir Sie vor Aktivierung um Ihre ausdr\u00fcckliche Einwilligung ersuchen.<\/p>\n<p>F\u00fcr den Empfang dieser Informationen bedarf es einer g\u00fcltigen E-Mail-Adresse. Gespeichert werden zudem die IP-Adresse, \u00fcber die Sie sich f\u00fcr dieses Informationen anmelden und das Datum Ihrer Bestellung\/ Best\u00e4tigung. Um sicherzustellen, dass eine E-Mail-Adresse nicht missbr\u00e4uchlich durch Dritte in unseren Verteiler eingetragen wird, arbeiten wir gesetzeskonform mit dem sogenannten \u201eDouble-Opt-In\u201c-Verfahren. Im Rahmen dieses Verfahrens werden die Best\u00e4tigung, der Versand der Best\u00e4tigungsmail und der Erhalt der Anmeldebest\u00e4tigung protokolliert.<\/p>\n<h2>Zus\u00e4tzliche Hinweise f\u00fcr Nutzer unserer Webseite:<\/h2>\n<h3>Umfang der Datenerhebung und \u2013speicherung<\/h3>\n<p>Mit jedem Zugriff auf unsere Website werden durch uns bzw. den Webspace-Provider automatisch Informationen erfasst. Diese Informationen, auch als Server-Logfiles bezeichnet, sind allgemeiner Natur und erlauben keine R\u00fcckschl\u00fcsse auf Ihre Person. Erfasst werden unter anderem: Name der Webseite, Datei, Datenmenge, Datum, Webbrowser und Webbrowserversion, Betriebssystem, der Dom\u00e4inname Ihres Internet-Providers, die sogenannte Referrer-URL und die IP-Adresse. Ohne diese Daten w\u00e4re es technisch teils nicht m\u00f6glich, die Inhalte der Webseite auszuliefern und darzustellen. Insofern ist die Erfassung der Daten zwingend notwendig. Dar\u00fcber hinaus verwenden wir die anonymen Informationen f\u00fcr statistische Zwecke.<\/p>\n<p>Wir behalten uns zudem das Recht vor, die Log-Files bei Verdacht auf eine rechtswidrige Nutzung unseres Angebotes nachtr\u00e4glich zu kontrollieren.<\/p>\n<h3>Einbindung von Diensten und Inhalten Dritter:<\/h3>\n<p>Unser Angebot umfasst mitunter Inhalte, Dienste und Leistungen anderer Anbieter. Das sind zum Beispiel Karten von Google-Maps. Damit diese Daten im Browser des Nutzers aufgerufen und dargestellt werden k\u00f6nnen, ist eine \u00dcbermittlung der IP-Adresse zwingend notwendig. Auch wenn wir uns bem\u00fchen ausschlie\u00dflich Dritt-Anbieter zu nutzen, welche die IP-Adresse nur ben\u00f6tigen, um Inhalte ausliefern zu k\u00f6nnen, haben wir keinen Einfluss darauf, ob die IP-Adresse m\u00f6glicherweise gespeichert wird.<\/p>\n<h3>Cookies<\/h3>\n<p>Unsere Webseite verwendet Cookies. Sie helfen uns, Ihnen die Navigation durch unser Angebot zu erleichtern und erm\u00f6glichen eine korrekte Darstellung unserer Webseite. Weitere Funktionen haben sie nicht. Sie haben die M\u00f6glichkeit, unser Angebot auch ohne Cookies zu nutzen. Dazu m\u00fcssen Sie bitte in Ihrem Browser entsprechende Einstellungen vornehmen. Wir weisen allerdings darauf hin, dass dadurch einige Funktionen dieser Webseite m\u00f6glicherweise beeintr\u00e4chtigt werden.<\/p>\n<h3>Matomo<\/h3>\n<p>Unsere Webseite nutzt Matomo, eine Open-Source-Software, die daten sammelt und speichert. Diese Informationen dienen Marketing- und Optimierungszwecken, z.B. dem Test der Resonanz auf unsere Anzeigen. Keinesfalls werden wir diese Information an Dritte weitergeben und auch nicht dazu nutzen Ihre Suche auszuwerten und\/oder ggf. daraus R\u00fcckschl\u00fcsse f\u00fcr automatisierte Angebote unsererseits ziehen. Da Matomo Cookies nutzt, k\u00f6nnen Sie durch die Einstellung zur Verhinderung von Cookies auch dieses Nutzung unterbinden.<\/p>\n<h3>Auskunft- und Widerrufsrecht<\/h3>\n<p>Sie erhalten jederzeit ohne Angabe von Gr\u00fcnden kostenfrei Auskunft \u00fcber Ihre bei uns gespeicherten Daten.<\/p>\n<p>Sie k\u00f6nnen jederzeit Ihre bei uns erhobenen Daten sperren, berichtigen oder l\u00f6schen lassen, sofern nicht gesetzliche oder richterliche Verf\u00fcgungen dem entgegenstehen.<\/p>\n<p>Auch k\u00f6nnen Sie jederzeit die uns erteilte Einwilligung zur Datenerhebung und Verwendung sowie den Empfang von automatisierten Informationen (Newsletter, Infomail) ohne Angaben von Gr\u00fcnden widerrufen.<\/p>\n<p>Wenden Sie sich hierzu bitte an die im Impressum unserer Internetseite angegebene Kontaktadresse oder unseren Datenschutzbeauftragen. Seine Kontaktdaten erhalten Sie jederzeit aktuell \u00fcber unsere Webseite, Rubrik Team.<\/p>\n<p>Alternativ stehen Ihnen der in jeder automatisierten Mail enthaltene Link oder aber die zentrale Mailadresse info@gut-scado.de zur Abmeldung zur Verf\u00fcgung.<\/p>\n<p>Wir stehen Ihnen jederzeit gern f\u00fcr weitergehende Fragen zu unserem Hinweisen zum Datenschutz und zur Verarbeitung Ihrer pers\u00f6nlichen Daten zur Verf\u00fcgung.<\/p>\n<h3>Verpflichtung zur Wahrung des Datengeheimnisses nach \u00a7 5 BDSG f\u00fcr Sie als Empf\u00e4nger pers\u00f6nlicher Daten:<\/h3>\n<p>da Sie im Rahmen unserer Dienstleistungserbringung m\u00f6glicherweise mit personenbezogenen Daten Dritter in Kontakt kommen, m\u00fcssen wir Sie auf Ihre Pflicht zur Wahrung des Datengeheimnisses hinweisen und verpflichten.<\/p>\n<p>Nach Art. 4 Nr. 1 DS-GVO sind personenbezogene Daten alle Informationen, die sich auf eine identifizierte oder identifizierbare nat\u00fcrliche Person beziehen; als identifizierbar wird eine nat\u00fcrliche Person angesehen, die direkt oder indirekt, insbesondere mittels Zuordnung zu einer Kennung wie einem Namen, zu einer Kennnummer, zu Standortdaten, zu einer Online-Kennung oder zu einem oder mehreren besonderen Merkmalen identifiziert werden kann, die Ausdruck der physischen, physiologischen, genetischen, psychischen, wirtschaftlichen, kulturellen oder sozialen Identit\u00e4t dieser nat\u00fcrlichen Person sind.<\/p>\n<p>Die einschl\u00e4gigen gesetzlichen Vorschriften verlangen, dass personenbezogene Daten so verarbeitet (gespeichert, benutzt, ausgewertet, weitergegeb en) werden, dass die Rechte der durch die Verarbeitung betroffenen Personen auf Vertraulichkeit und Integrit\u00e4t ihrer Daten gew\u00e4hrleistet werden. Nach diesen Vorschriften ist es untersagt, personenbezogene Daten unbefugt oder unrechtm\u00e4\u00dfig zu verarbeiten oder absichtlich oder unabsichtlich die Sicherheit der Verarbeitung in einer Weise zu verletzen, die zur Vernichtung, zum Verlust, zur Ver\u00e4nderung, zur unbefugter Offenlegung oder unbefugtem Zugang f\u00fchrt.<\/p>\n<p>Verst\u00f6\u00dfe gegen die Datenschutzvorschriften k\u00f6nnen ggf. mit Geldbu\u00dfe, Geldstrafe oder Freiheitsstrafe geahndet werden. Entsteht der betroffenen Person durch die unzul\u00e4ssige Verarbeitung ihrer personenbezogenen Daten ein materieller oder immaterieller Schaden, kann ein Schadenersatzanspruch entstehen.<\/p>\n","protected":false},"excerpt":{"rendered":"<p>Datenschutzerkl\u00e4rung + Verpflichtung zur Wahrung des Datengeheimnisses Anbieter und verantwortliche Stelle im Sinne des Datenschutzes: Pr\u00fc\u00dfing &amp; K\u00f6ll Verm\u00f6gensverwaltung GmbH, GF Herr Hans -Christian Heier, L\u00e4rchenstra\u00dfe 7, 01097 Dresden Geltungsbereich:&#8230; <\/p>\n","protected":false},"author":1,"featured_media":0,"parent":0,"menu_order":0,"comment_status":"closed","ping_status":"closed","template":"","meta":{"two_page_speed":[],"footnotes":""},"class_list":["post-138","page","type-page","status-publish","hentry"],"_links":{"self":[{"href":"https:\/\/gut-scado.de\/index.php?rest_route=\/wp\/v2\/pages\/138","targetHints":{"allow":["GET"]}}],"collection":[{"href":"https:\/\/gut-scado.de\/index.php?rest_route=\/wp\/v2\/pages"}],"about":[{"href":"https:\/\/gut-scado.de\/index.php?rest_route=\/wp\/v2\/types\/page"}],"author":[{"embeddable":true,"href":"https:\/\/gut-scado.de\/index.php?rest_route=\/wp\/v2\/users\/1"}],"replies":[{"embeddable":true,"href":"https:\/\/gut-scado.de\/index.php?rest_route=%2Fwp%2Fv2%2Fcomments&post=138"}],"version-history":[{"count":1,"href":"https:\/\/gut-scado.de\/index.php?rest_route=\/wp\/v2\/pages\/138\/revisions"}],"predecessor-version":[{"id":139,"href":"https:\/\/gut-scado.de\/index.php?rest_route=\/wp\/v2\/pages\/138\/revisions\/139"}],"wp:attachment":[{"href":"https:\/\/gut-scado.de\/index.php?rest_route=%2Fwp%2Fv2%2Fmedia&parent=138"}],"curies":[{"name":"wp","href":"https:\/\/api.w.org\/{rel}","templated":true}]}}